{"id":117,"date":"2022-12-30T23:12:19","date_gmt":"2022-12-31T02:12:19","guid":{"rendered":"http:\/\/159.65.175.75\/?page_id=117"},"modified":"2024-05-22T11:27:03","modified_gmt":"2024-05-22T14:27:03","slug":"sobre","status":"publish","type":"page","link":"https:\/\/majlab.com.br\/index.php\/sobre\/","title":{"rendered":"Sobre"},"content":{"rendered":"\t\t<div data-elementor-type=\"wp-page\" data-elementor-id=\"117\" class=\"elementor elementor-117\">\n\t\t\t\t\t\t<section class=\"elementor-section elementor-top-section elementor-element elementor-element-49f2fa6 elementor-section-boxed elementor-section-height-default elementor-section-height-default\" data-id=\"49f2fa6\" data-element_type=\"section\">\n\t\t\t\t\t\t<div class=\"elementor-container elementor-column-gap-default\">\n\t\t\t\t\t<div class=\"elementor-column elementor-col-50 elementor-top-column elementor-element elementor-element-8439c7e\" data-id=\"8439c7e\" data-element_type=\"column\" data-settings=\"{&quot;background_background&quot;:&quot;classic&quot;}\">\n\t\t\t<div class=\"elementor-widget-wrap elementor-element-populated\">\n\t\t\t\t\t\t<div class=\"elementor-element elementor-element-dd59d7c elementor-widget elementor-widget-spacer\" data-id=\"dd59d7c\" data-element_type=\"widget\" data-widget_type=\"spacer.default\">\n\t\t\t\t<div class=\"elementor-widget-container\">\n\t\t\t\t\t\t\t<div class=\"elementor-spacer\">\n\t\t\t<div class=\"elementor-spacer-inner\"><\/div>\n\t\t<\/div>\n\t\t\t\t\t\t<\/div>\n\t\t\t\t<\/div>\n\t\t\t\t<div class=\"elementor-element elementor-element-e010929 elementor-widget elementor-widget-heading\" data-id=\"e010929\" data-element_type=\"widget\" data-widget_type=\"heading.default\">\n\t\t\t\t<div class=\"elementor-widget-container\">\n\t\t\t\t\t<h3 class=\"elementor-heading-title elementor-size-default\">A Empresa<\/h3>\t\t\t\t<\/div>\n\t\t\t\t<\/div>\n\t\t\t\t<div class=\"elementor-element elementor-element-31357bd elementor-widget elementor-widget-text-editor\" data-id=\"31357bd\" data-element_type=\"widget\" data-widget_type=\"text-editor.default\">\n\t\t\t\t<div class=\"elementor-widget-container\">\n\t\t\t\t\t\t\t\t\t<p><br><\/p>\n<p>A Maj Lab foi fundada em 1995 na cidade de Curitiba com o objetivo de atender o mercado de laborat\u00f3rios de an\u00e1lises cl\u00ednicas com servi\u00e7os de calibra\u00e7\u00e3o e manuten\u00e7\u00e3o de equipamentos laboratoriais. Desde ent\u00e3o sempre investindo em tecnologia e treinamento de sua equipe para garantir o melhor servi\u00e7o.<\/p>\n<p><br><\/p>\n<p>Desde 2007 conquistamos o certificado de acredita\u00e7\u00e3o junto ao CGCRE com n\u00famero 0363 para calibra\u00e7\u00e3o acreditada de Micro Volume. Com o passar dos anos o escopo do laborat\u00f3rio aumentou hoje atendendo a diversas grandezas.<\/p>\n<p><br><\/p>\n<p>Implementamos contratos de calibra\u00e7\u00e3o de instrumentos de acordo com a 17025, normas ISO, vigil\u00e2ncia sanit\u00e1ria e programas da qualidade. Com o contrato de calibra\u00e7\u00e3o, \u00e9 estipulado um cronograma e crit\u00e9rios para realizar a calibra\u00e7\u00e3o. Disponibilizado um portal do cliente, para acesso a todas as informa\u00e7\u00f5es.<br><\/p>\n<p><br><\/p>\t\t\t\t\t\t\t\t<\/div>\n\t\t\t\t<\/div>\n\t\t\t\t\t<\/div>\n\t\t<\/div>\n\t\t\t\t<div class=\"elementor-column elementor-col-50 elementor-top-column elementor-element elementor-element-8507889\" data-id=\"8507889\" data-element_type=\"column\">\n\t\t\t<div class=\"elementor-widget-wrap elementor-element-populated\">\n\t\t\t\t\t\t<div class=\"elementor-element elementor-element-769cf1d elementor-arrows-position-inside elementor-pagination-position-outside elementor-widget elementor-widget-image-carousel\" data-id=\"769cf1d\" data-element_type=\"widget\" data-settings=\"{&quot;slides_to_show&quot;:&quot;1&quot;,&quot;navigation&quot;:&quot;both&quot;,&quot;autoplay&quot;:&quot;yes&quot;,&quot;pause_on_hover&quot;:&quot;yes&quot;,&quot;pause_on_interaction&quot;:&quot;yes&quot;,&quot;autoplay_speed&quot;:5000,&quot;infinite&quot;:&quot;yes&quot;,&quot;effect&quot;:&quot;slide&quot;,&quot;speed&quot;:500}\" data-widget_type=\"image-carousel.default\">\n\t\t\t\t<div class=\"elementor-widget-container\">\n\t\t\t\t\t\t\t<div class=\"elementor-image-carousel-wrapper swiper\" role=\"region\" aria-roledescription=\"carousel\" aria-label=\"Carrossel de imagens\" dir=\"ltr\">\n\t\t\t<div class=\"elementor-image-carousel swiper-wrapper swiper-image-stretch\" aria-live=\"off\">\n\t\t\t\t\t\t\t\t<div class=\"swiper-slide\" role=\"group\" aria-roledescription=\"slide\" aria-label=\"1 de 4\"><figure class=\"swiper-slide-inner\"><img decoding=\"async\" class=\"swiper-slide-image\" src=\"https:\/\/majlab.com.br\/wp-content\/uploads\/2023\/01\/Screen-Shot-2023-01-02-at-11.35.24-e1672670600614.png\" alt=\"Screen Shot 2023-01-02 at 11.35.24\" \/><\/figure><\/div><div class=\"swiper-slide\" role=\"group\" aria-roledescription=\"slide\" aria-label=\"2 de 4\"><figure class=\"swiper-slide-inner\"><img decoding=\"async\" class=\"swiper-slide-image\" src=\"https:\/\/majlab.com.br\/wp-content\/uploads\/2023\/01\/Screen-Shot-2023-01-02-at-11.36.08-e1672670569295.png\" alt=\"Screen Shot 2023-01-02 at 11.36.08\" \/><\/figure><\/div><div class=\"swiper-slide\" role=\"group\" aria-roledescription=\"slide\" aria-label=\"3 de 4\"><figure class=\"swiper-slide-inner\"><img decoding=\"async\" class=\"swiper-slide-image\" src=\"https:\/\/majlab.com.br\/wp-content\/uploads\/2023\/01\/Screen-Shot-2023-01-02-at-11.34.32-e1672670534154.png\" alt=\"Screen Shot 2023-01-02 at 11.34.32\" \/><\/figure><\/div><div class=\"swiper-slide\" role=\"group\" aria-roledescription=\"slide\" aria-label=\"4 de 4\"><figure class=\"swiper-slide-inner\"><img decoding=\"async\" class=\"swiper-slide-image\" src=\"https:\/\/majlab.com.br\/wp-content\/uploads\/2023\/01\/Screen-Shot-2023-01-02-at-11.36.27-e1672670620102.png\" alt=\"Screen Shot 2023-01-02 at 11.36.27\" \/><\/figure><\/div>\t\t\t<\/div>\n\t\t\t\t\t\t\t\t\t\t\t\t<div class=\"elementor-swiper-button elementor-swiper-button-prev\" role=\"button\" tabindex=\"0\">\n\t\t\t\t\t\t<i aria-hidden=\"true\" class=\"eicon-chevron-left\"><\/i>\t\t\t\t\t<\/div>\n\t\t\t\t\t<div class=\"elementor-swiper-button elementor-swiper-button-next\" role=\"button\" tabindex=\"0\">\n\t\t\t\t\t\t<i aria-hidden=\"true\" class=\"eicon-chevron-right\"><\/i>\t\t\t\t\t<\/div>\n\t\t\t\t\n\t\t\t\t\t\t\t\t\t<div class=\"swiper-pagination\"><\/div>\n\t\t\t\t\t\t\t\t\t<\/div>\n\t\t\t\t\t\t<\/div>\n\t\t\t\t<\/div>\n\t\t\t\t\t<\/div>\n\t\t<\/div>\n\t\t\t\t\t<\/div>\n\t\t<\/section>\n\t\t\t\t<section class=\"elementor-section elementor-top-section elementor-element elementor-element-63ce66b elementor-section-boxed elementor-section-height-default elementor-section-height-default\" data-id=\"63ce66b\" data-element_type=\"section\">\n\t\t\t\t\t\t<div class=\"elementor-container elementor-column-gap-default\">\n\t\t\t\t\t<div class=\"elementor-column elementor-col-100 elementor-top-column elementor-element elementor-element-66fcbab\" data-id=\"66fcbab\" data-element_type=\"column\">\n\t\t\t<div class=\"elementor-widget-wrap elementor-element-populated\">\n\t\t\t\t\t\t<div class=\"elementor-element elementor-element-2bca2a6 elementor-position-left elementor-vertical-align-top elementor-widget elementor-widget-image-box\" data-id=\"2bca2a6\" data-element_type=\"widget\" data-widget_type=\"image-box.default\">\n\t\t\t\t<div class=\"elementor-widget-container\">\n\t\t\t\t\t<div class=\"elementor-image-box-wrapper\"><figure class=\"elementor-image-box-img\"><img fetchpriority=\"high\" decoding=\"async\" width=\"522\" height=\"520\" src=\"https:\/\/majlab.com.br\/wp-content\/uploads\/2023\/01\/Screen-Shot-2023-01-02-at-11.46.28.png\" class=\"attachment-full size-full wp-image-224\" alt=\"\" srcset=\"https:\/\/majlab.com.br\/wp-content\/uploads\/2023\/01\/Screen-Shot-2023-01-02-at-11.46.28.png 522w, https:\/\/majlab.com.br\/wp-content\/uploads\/2023\/01\/Screen-Shot-2023-01-02-at-11.46.28-300x300.png 300w, https:\/\/majlab.com.br\/wp-content\/uploads\/2023\/01\/Screen-Shot-2023-01-02-at-11.46.28-150x150.png 150w\" sizes=\"(max-width: 522px) 100vw, 522px\" \/><\/figure><div class=\"elementor-image-box-content\"><span class=\"elementor-image-box-title\">Pol\u00edtica da Qualidade da Maj Lab\u200b<\/span><p class=\"elementor-image-box-description\">Buscamos sempre atender as necessidades e expectativas dos nossos clientes oferecendo servi\u00e7os e produtos de qualidade, atendendo aos requisitos das partes interessadas e aos requisitos da norma ABNT ISO IEC\/17025, buscando sempre a melhoria cont\u00ednua do nosso Sistema de Gest\u00e3o da Qualidade.\u201d\u00a0<\/p><\/div><\/div>\t\t\t\t<\/div>\n\t\t\t\t<\/div>\n\t\t\t\t\t<\/div>\n\t\t<\/div>\n\t\t\t\t\t<\/div>\n\t\t<\/section>\n\t\t\t\t<\/div>\n\t\t","protected":false},"excerpt":{"rendered":"<p>A Empresa A Maj Lab foi fundada em 1995 na cidade de Curitiba com o objetivo de atender o mercado de laborat\u00f3rios de an\u00e1lises cl\u00ednicas com servi\u00e7os de calibra\u00e7\u00e3o e manuten\u00e7\u00e3o de equipamentos laboratoriais. Desde ent\u00e3o sempre investindo em tecnologia e treinamento de sua equipe para garantir o melhor servi\u00e7o. Desde 2007 conquistamos o certificado [&hellip;]<\/p>\n","protected":false},"author":2,"featured_media":0,"parent":0,"menu_order":0,"comment_status":"closed","ping_status":"closed","template":"elementor_header_footer","meta":{"footnotes":""},"class_list":["post-117","page","type-page","status-publish","hentry"],"_links":{"self":[{"href":"https:\/\/majlab.com.br\/index.php\/wp-json\/wp\/v2\/pages\/117","targetHints":{"allow":["GET"]}}],"collection":[{"href":"https:\/\/majlab.com.br\/index.php\/wp-json\/wp\/v2\/pages"}],"about":[{"href":"https:\/\/majlab.com.br\/index.php\/wp-json\/wp\/v2\/types\/page"}],"author":[{"embeddable":true,"href":"https:\/\/majlab.com.br\/index.php\/wp-json\/wp\/v2\/users\/2"}],"replies":[{"embeddable":true,"href":"https:\/\/majlab.com.br\/index.php\/wp-json\/wp\/v2\/comments?post=117"}],"version-history":[{"count":22,"href":"https:\/\/majlab.com.br\/index.php\/wp-json\/wp\/v2\/pages\/117\/revisions"}],"predecessor-version":[{"id":342,"href":"https:\/\/majlab.com.br\/index.php\/wp-json\/wp\/v2\/pages\/117\/revisions\/342"}],"wp:attachment":[{"href":"https:\/\/majlab.com.br\/index.php\/wp-json\/wp\/v2\/media?parent=117"}],"curies":[{"name":"wp","href":"https:\/\/api.w.org\/{rel}","templated":true}]}}